{"id":201,"date":"2018-06-29T12:01:52","date_gmt":"2018-06-29T10:01:52","guid":{"rendered":"https:\/\/websurvey.cide.univr.it\/wpmpm\/?page_id=201"},"modified":"2022-06-11T15:03:55","modified_gmt":"2022-06-11T13:03:55","slug":"offerta-formativa","status":"publish","type":"page","link":"https:\/\/websurvey.cide.univr.it\/wpmpm\/offerta-formativa\/","title":{"rendered":"Offerta formativa"},"content":{"rendered":"<p style=\"text-align: justify;\">Il master MPM \u2013 Master universitario di I livello in Project Management nasce nel 2004. Tra i promotori figurano Confindustria Verona, Ance Verona e Fondazione Edilscuola. Le prime edizioni MPM assumono quale riferimento i settori di Costruzioni e Impiantisca, ma gi\u00e0 con la terza edizione, l\u2019ambito si amplia e il riferimento diventa, trasversalmente, il project management inteso, seguendo la canonica definizione PMI, come \u201c<em>l\u2019applicazione di conoscenze, attitudini, strumenti e tecniche alle attivit\u00e0 di un progetto al fine di conseguirne gli obiettivi\u201d<\/em>.<\/p>\n<p style=\"text-align: justify;\">Nel 2007, nel contesto del master MPM, viene attivata a Verona la sezione Nord Est del\u00a0PMI-NIC\u00a0grazie alla convenzione tra PMI\u00a0Project Management Institute \u2013 Northern Italy Charter e Universit\u00e0 degli Studi di Verona. Da tale data MPM pu\u00f2 contare sulla collaborazione di Ordine Ingegneri, Ordine Architetti e Federmanager della provincia di Verona.<\/p>\n<p style=\"text-align: justify;\">Nelle edizioni successive il Master in MPM ha sviluppato<strong>\u00a0<\/strong>strette sinergie col sistema delle imprese del Trivenento e pi\u00f9 in generale del centro-nord del paese e si \u00e8 venuto qualificando quale risorsa formativa utile sia ad aziende che richiedono sia empowerment professionale per propri quadri e dirigenti, sia a giovani laureati tecnici ad inizio carriera interessati a potenziare le proprie capacit\u00e0 di gestione efficace delle commesse.<\/p>\n<p style=\"text-align: justify;\">A partire dal 2015 l\u2019offerta formativa MPM ha assunto un\u2019articolazione modulare al fine di rendere possibile, accanto al classico percorso di master universitario, la frequenza di specifici moduli di alta formazione a carattere professionalizzate.<\/p>\n<h2>IL MASTER<\/h2>\n<p style=\"text-align: justify;\">Un impegnativo percorso formativo frequentato da ingegneri o laureati tecnici (prevalentemente ma non esclusivamente), interessati a ottenere un salto di qualit\u00e0 nelle proprie competenze di gestione e controllo delle variabili dei progetti (tempi, costi, risorse allocate, obiettivi e qualit\u00e0).<\/p>\n<p style=\"text-align: justify;\">Il master MPM, la cui frequenza \u00e8 riservata in linea di principio a persone gi\u00e0 inserite al lavoro, potr\u00e0 accettare anche candidature di giovani laureati non ancora operativi. A costoro, previo colloquio di orientamento, saranno offerte opportunit\u00e0 di colloqui con aziende che, in caso di esito positivo, daranno luogo a stage della durata di dieci mesi, contemporanei alla frequenza al master.<\/p>\n<p style=\"text-align: justify;\"><a title=\"Il Master\" href=\"https:\/\/websurvey.cide.univr.it\/wpmpm\/il-master\/\"><em>&gt; Scopri di pi\u00f9<\/em><\/a><\/p>\n<h2><strong>I MODULI DI ALTA FORMAZIONE<\/strong><\/h2>\n<p>aperti anche alla frequenza di non laureati<\/p>\n<p style=\"text-align: justify;\">Quattro moduli formativi di alta formazione professionale su specifici temi, con i medesimi contenuti e docenti del master MPM, riservati a dipendenti o professionisti interessati a conoscere le nozioni fondamentali del Project Management (il primo) o , i successivi, ad approfondire i temi dei Costi (analisi e ingegneria) o dei Contratti (in particolare all\u2019estero) e Rischi della gestione dei progetti.<\/p>\n<p><a href=\"https:\/\/websurvey.cide.univr.it\/wpmpm\/moduli-alta-formazione\/\"><em>&gt; Scopri di pi\u00f9<\/em><\/a><\/p>\n<h2>AZIENDE PARTNER<\/h2>\n<p style=\"text-align: justify;\">Una sinergia forte, nata da tempo, gi\u00e0 in sede di prima progettazione del Master, sperimentata e cresciuta nel corso delle prime edizioni e in seguito consolidatasi. Un rapporto stretto e permanente, testimoniato e garantito dai patrocinatori: ANCE Verona, Confindustria Verona, Federmanager Verona, Fondazione Edilscuola, Ordine degli Ingegneri di Verona e Provincia e Ordine degli Architetti Pianificatori Paesaggisti Conservatori della Provincia di Verona. Dal mondo delle aziende (collaboratori o consulenti) proviene per pi\u00f9 di due terzi, il team docente del master MPM.<\/p>\n","protected":false},"excerpt":{"rendered":"<p>Il master MPM \u2013 Master universitario di I livello in Project Management nasce nel 2004. Tra i promotori figurano Confindustria Verona, Ance Verona e Fondazione Edilscuola. Le prime edizioni MPM assumono quale riferimento i settori di Costruzioni e Impiantisca, ma <a href=\"https:\/\/websurvey.cide.univr.it\/wpmpm\/offerta-formativa\/\" class=\"read-more\">Read More &#8230;<\/a><\/p>\n","protected":false},"author":1,"featured_media":0,"parent":0,"menu_order":0,"comment_status":"closed","ping_status":"closed","template":"","meta":[],"acf":[],"aioseo_notices":[],"_links":{"self":[{"href":"https:\/\/websurvey.cide.univr.it\/wpmpm\/wp-json\/wp\/v2\/pages\/201"}],"collection":[{"href":"https:\/\/websurvey.cide.univr.it\/wpmpm\/wp-json\/wp\/v2\/pages"}],"about":[{"href":"https:\/\/websurvey.cide.univr.it\/wpmpm\/wp-json\/wp\/v2\/types\/page"}],"author":[{"embeddable":true,"href":"https:\/\/websurvey.cide.univr.it\/wpmpm\/wp-json\/wp\/v2\/users\/1"}],"replies":[{"embeddable":true,"href":"https:\/\/websurvey.cide.univr.it\/wpmpm\/wp-json\/wp\/v2\/comments?post=201"}],"version-history":[{"count":23,"href":"https:\/\/websurvey.cide.univr.it\/wpmpm\/wp-json\/wp\/v2\/pages\/201\/revisions"}],"predecessor-version":[{"id":909,"href":"https:\/\/websurvey.cide.univr.it\/wpmpm\/wp-json\/wp\/v2\/pages\/201\/revisions\/909"}],"wp:attachment":[{"href":"https:\/\/websurvey.cide.univr.it\/wpmpm\/wp-json\/wp\/v2\/media?parent=201"}],"curies":[{"name":"wp","href":"https:\/\/api.w.org\/{rel}","templated":true}]}}